{"id":96,"date":"2015-01-03T15:57:06","date_gmt":"2015-01-03T14:57:06","guid":{"rendered":"http:\/\/piekarska.home.pl\/autoinstalator\/wordpress5\/?page_id=96"},"modified":"2025-11-16T14:40:32","modified_gmt":"2025-11-16T13:40:32","slug":"ksiazki","status":"publish","type":"page","link":"http:\/\/piekarska.com.pl\/?page_id=96","title":{"rendered":"KSI\u0104\u017bKI"},"content":{"rendered":"\n<ul class=\"wp-block-list\">\n<li><a href=\"http:\/\/piekarska.com.pl\/?page_id=77791\" data-type=\"page\" data-id=\"77791\" target=\"_blank\" rel=\"noreferrer noopener\">Drzewo Maurycego<\/a> (2025) Wydawnictwo: LTW, ISBN 978-83-7565-939-9;<\/li>\n\n\n\n<li><a href=\"http:\/\/piekarska.com.pl\/?page_id=9314\" target=\"_blank\" rel=\"noopener noreferrer\">Licencja na doros\u0142o\u015b\u0107<\/a> (2019)&nbsp;Wydawnictwo: Nasza Ksi\u0119garnia, ISBN 978-83-10-13351-9\u200b; Audiobook (2019) Biblioteka Akustyczna \u200bISBN 978-83-272-4743-8\u200b; (2020) \u0428\u043a\u043e\u043b\u0430 \u200bISBN 978-966-429-611-0\u200b (ukrai\u0144ska wersja ksi\u0105\u017cki \u00ab\u041f\u0440\u0430\u0432\u043e \u043d\u0430 \u0434\u043e\u0440\u043e\u0441\u043b\u0456\u0441\u0442\u044c\u00bb);<\/li>\n\n\n\n<li><a href=\"http:\/\/piekarska.com.pl\/?page_id=5932\" target=\"_blank\" rel=\"noopener noreferrer\">Syn dw\u00f3ch matek<\/a> (2016) Wydawnictwo: Trzecia Strona, ISBN&nbsp;978-83-64526-38-1;<br \/>Ksi\u0105\u017cka napisana do sp\u00f3\u0142ki z nie\u017cyj\u0105cym Ojcem Maciejem Piekarskim.<\/li>\n\n\n\n<li><a title=\"\u201eCzucie i wiara\u201d, czyli warszawskie duchy\" href=\"http:\/\/piekarska.com.pl\/?page_id=161\">&#8222;Czucie i Wiara&#8221;, czyli warszawskie duchy<\/a>&nbsp;(2015)&nbsp;Wydawnictwo: LTW, ISBN&nbsp;978-83-7565-403-5;<\/li>\n\n\n\n<li><a title=\"Kurs dziennikarstwa dla samouk\u00f3w\" href=\"http:\/\/piekarska.com.pl\/?page_id=159\">Kurs dziennikarstwa dla samouk\u00f3w<\/a> (2014)&nbsp;Wydawnictwo: Biblioteka Analiz, ISBN 978-83-63879-03-7;<\/li>\n\n\n\n<li><a title=\"LO-teria\" href=\"http:\/\/piekarska.com.pl\/?page_id=157\">LO-teria<\/a>&nbsp;(2010)&nbsp;Wydawnictwo: Nowy \u015awiat, ISBN 978-83-7386-395-8; (2014)&nbsp;Wydawnictwo: \u0428\u043a\u043e\u043b\u0430, ISBN: 978-966-429-260-0&nbsp;(ukrai\u0144ska wersja ksi\u0105\u017cki \u00ab\u041b\u043e\u0442\u0435\u0440\u0435\u044f\u00bb);<\/li>\n\n\n\n<li><a title=\"Dzika\" href=\"http:\/\/piekarska.com.pl\/?page_id=155\">Dzika<\/a> (2007)&nbsp;Wydawnictwo: Nowy \u015awiat, ISBN 978-83-7386-253-1;<\/li>\n\n\n\n<li><a title=\"Tropiciele\" href=\"http:\/\/piekarska.com.pl\/?page_id=153\">Tropiciele<\/a>&nbsp;(2006)&nbsp;Wydawnictwo: Nowy \u015awiat, ISBN 83-7386-188-2; (2009)&nbsp;Wydawnictwo: Nowy \u015awiat, ISBN 978-83-7386-341-5; audiobook (2011)&nbsp;Wydawnictwo: Audioclub, Bellona, ISBN 978-83-60339-59-6; (2016)&nbsp;Wydawnictwo: Nasza Ksi\u0119garnia, ISBN&nbsp;978-83-10-12997-0;<\/li>\n\n\n\n<li><a title=\"Dziewi\u0119tnastoletni marynarz\" href=\"http:\/\/piekarska.com.pl\/?page_id=150\">Dziewi\u0119tnastoletni marynarz<\/a>&nbsp;(2005)&nbsp;Wydawnictwo: Finna, ISBN 83-89929-45-7.<br \/>Ksi\u0105\u017cka dokumentalna &#8211; zbi\u00f3r list\u00f3w pisanych w latach 1923-1924 w Szkole Morskiej w Tczewie przez Zbigniewa Piekarskiego. Przesz\u0142o 70 list\u00f3w opatrzonych jest bogatymi przypisami, a ca\u0142o\u015b\u0107 ilustrowana fotografiami z tamtych czas\u00f3w. Listy stanowi\u0105 ewenement w historii Szko\u0142y Morskiej. To informacje o codziennym \u017cyciu w Szkole Morskiej, o pocz\u0105tkach polskiej marynarki handlowej w II Rzeczypospolitej;<\/li>\n\n\n\n<li><a title=\"Klasa pani Czajki\" href=\"http:\/\/piekarska.com.pl\/?page_id=148\">Klasa pani Czajki<\/a> (2004)&nbsp;Wydawnictwo: Aga-Press, ISBN 83-85534-34-2; (2008),&nbsp;Wydawnictwo: Nowy \u015awiat ISBN 978-83-7386-284-5; (2012) Wydawnictwo: \u0428\u043a\u043e\u043b\u0430 ISBN 978-96-6429-13-44 (ukrai\u0144ska wersja ksi\u0105\u017cki \u00ab\u041a\u043b\u0430\u0441 \u043f\u0430\u043d\u0456 \u0427\u0430\u0439\u043a\u0438\u00bb), (2015) Wydawnictwo: Nasza Ksi\u0119garnia, ISBN:&nbsp;978-83-10-12998-7;<\/li>\n\n\n\n<li><a title=\"Wzrockowisko\" href=\"http:\/\/piekarska.com.pl\/?page_id=140\">Wzrockowisko<\/a>&nbsp;(2002) Wydawnictwo: In-rock, ISBN 83-86365-49-8.<br \/>zbi\u00f3r felieton\u00f3w, kt\u00f3re od stycznia 1999 do czerwca 2005 ukazywa\u0142y si\u0119 na \u0142amach dwutygodnika &#8222;Cogito&#8221;. W 2002 roku nak\u0142adem wydawnictwa In-rock felietony ukaza\u0142y si\u0119 jako ksi\u0105\u017cka. Tytu\u0142 pochodzi od zbitki s\u0142\u00f3w rock i wzrok, bo jak wyja\u015bni\u0142a autorka w jednym z felieton\u00f3w jest to spojrzenie na \u015bwiat poprzez muzyk\u0119, g\u0142\u00f3wnie rockow\u0105. W czerwcu 2005 roku wydawnictwo podj\u0119\u0142o decyzje o zmianie linii pisma, w kt\u00f3rym nie ma ju\u017c miejsca na felietony. Wtedy na \u0142amach &#8222;Cogito&#8221; ukaza\u0142 si\u0119 ostatni felieton. Nosi\u0142 tytu\u0142 &#8222;Do Ani&#8221; \u2013 tak jak piosenka zespo\u0142u Kult.<\/li>\n<\/ul>\n\n\n\n<figure class=\"wp-block-gallery has-nested-images columns-7 is-cropped wp-block-gallery-1 is-layout-flex wp-block-gallery-is-layout-flex\">\n<figure class=\"wp-block-image size-medium\"><a href=\"http:\/\/piekarska.com.pl\/wp-content\/uploads\/2015\/04\/okladka-wzrocko.jpg\"><img loading=\"lazy\" decoding=\"async\" width=\"212\" height=\"300\" data-id=\"177\" src=\"http:\/\/piekarska.com.pl\/wp-content\/uploads\/2015\/04\/okladka-wzrocko-212x300.jpg\" alt=\"\" class=\"wp-image-177\" srcset=\"http:\/\/piekarska.com.pl\/wp-content\/uploads\/2015\/04\/okladka-wzrocko-212x300.jpg 212w, http:\/\/piekarska.com.pl\/wp-content\/uploads\/2015\/04\/okladka-wzrocko-106x150.jpg 106w, http:\/\/piekarska.com.pl\/wp-content\/uploads\/2015\/04\/okladka-wzrocko.jpg 226w\" sizes=\"auto, (max-width: 212px) 100vw, 212px\" \/><\/a><\/figure>\n\n\n\n<figure class=\"wp-block-image size-medium\"><a href=\"http:\/\/piekarska.com.pl\/wp-content\/uploads\/2015\/04\/marynarz.jpg\"><img loading=\"lazy\" decoding=\"async\" width=\"212\" height=\"300\" data-id=\"173\" src=\"http:\/\/piekarska.com.pl\/wp-content\/uploads\/2015\/04\/marynarz-212x300.jpg\" alt=\"\" class=\"wp-image-173\" srcset=\"http:\/\/piekarska.com.pl\/wp-content\/uploads\/2015\/04\/marynarz-212x300.jpg 212w, http:\/\/piekarska.com.pl\/wp-content\/uploads\/2015\/04\/marynarz-106x150.jpg 106w, http:\/\/piekarska.com.pl\/wp-content\/uploads\/2015\/04\/marynarz.jpg 290w\" sizes=\"auto, (max-width: 212px) 100vw, 212px\" \/><\/a><\/figure>\n\n\n\n<figure class=\"wp-block-image size-medium\"><a href=\"http:\/\/piekarska.com.pl\/wp-content\/uploads\/2015\/04\/Okladka-Czajki.jpg\"><img loading=\"lazy\" decoding=\"async\" width=\"212\" height=\"300\" data-id=\"174\" src=\"http:\/\/piekarska.com.pl\/wp-content\/uploads\/2015\/04\/Okladka-Czajki-212x300.jpg\" alt=\"\" class=\"wp-image-174\" srcset=\"http:\/\/piekarska.com.pl\/wp-content\/uploads\/2015\/04\/Okladka-Czajki-212x300.jpg 212w, http:\/\/piekarska.com.pl\/wp-content\/uploads\/2015\/04\/Okladka-Czajki-106x150.jpg 106w, http:\/\/piekarska.com.pl\/wp-content\/uploads\/2015\/04\/Okladka-Czajki.jpg 350w\" sizes=\"auto, (max-width: 212px) 100vw, 212px\" \/><\/a><\/figure>\n\n\n\n<figure class=\"wp-block-image size-medium\"><a href=\"http:\/\/piekarska.com.pl\/wp-content\/uploads\/2015\/04\/kpc.jpg\"><img loading=\"lazy\" decoding=\"async\" width=\"222\" height=\"300\" data-id=\"167\" src=\"http:\/\/piekarska.com.pl\/wp-content\/uploads\/2015\/04\/kpc-222x300.jpg\" alt=\"\" class=\"wp-image-167\" srcset=\"http:\/\/piekarska.com.pl\/wp-content\/uploads\/2015\/04\/kpc-222x300.jpg 222w, http:\/\/piekarska.com.pl\/wp-content\/uploads\/2015\/04\/kpc-111x150.jpg 111w, http:\/\/piekarska.com.pl\/wp-content\/uploads\/2015\/04\/kpc.jpg 532w\" sizes=\"auto, (max-width: 222px) 100vw, 222px\" \/><\/a><\/figure>\n\n\n\n<figure class=\"wp-block-image size-medium\"><a href=\"http:\/\/piekarska.com.pl\/wp-content\/uploads\/2015\/04\/audiobook-kpc.jpg\"><img loading=\"lazy\" decoding=\"async\" width=\"221\" height=\"300\" data-id=\"736\" src=\"http:\/\/piekarska.com.pl\/wp-content\/uploads\/2015\/04\/audiobook-kpc-221x300.jpg\" alt=\"\" class=\"wp-image-736\" srcset=\"http:\/\/piekarska.com.pl\/wp-content\/uploads\/2015\/04\/audiobook-kpc-221x300.jpg 221w, http:\/\/piekarska.com.pl\/wp-content\/uploads\/2015\/04\/audiobook-kpc.jpg 471w\" sizes=\"auto, (max-width: 221px) 100vw, 221px\" \/><\/a><\/figure>\n\n\n\n<figure class=\"wp-block-image size-medium\"><a href=\"http:\/\/piekarska.com.pl\/wp-content\/uploads\/2015\/04\/kpc-nowa2.jpg\"><img loading=\"lazy\" decoding=\"async\" width=\"202\" height=\"300\" data-id=\"168\" src=\"http:\/\/piekarska.com.pl\/wp-content\/uploads\/2015\/04\/kpc-nowa2-202x300.jpg\" alt=\"\" class=\"wp-image-168\" srcset=\"http:\/\/piekarska.com.pl\/wp-content\/uploads\/2015\/04\/kpc-nowa2-202x300.jpg 202w, http:\/\/piekarska.com.pl\/wp-content\/uploads\/2015\/04\/kpc-nowa2-101x150.jpg 101w, http:\/\/piekarska.com.pl\/wp-content\/uploads\/2015\/04\/kpc-nowa2.jpg 337w\" sizes=\"auto, (max-width: 202px) 100vw, 202px\" \/><\/a><\/figure>\n\n\n\n<figure class=\"wp-block-image size-medium\"><a href=\"http:\/\/piekarska.com.pl\/wp-content\/uploads\/2015\/04\/kpc-ukr-okladka-przod.jpg\"><img loading=\"lazy\" decoding=\"async\" width=\"204\" height=\"300\" data-id=\"169\" src=\"http:\/\/piekarska.com.pl\/wp-content\/uploads\/2015\/04\/kpc-ukr-okladka-przod-204x300.jpg\" alt=\"\" class=\"wp-image-169\" srcset=\"http:\/\/piekarska.com.pl\/wp-content\/uploads\/2015\/04\/kpc-ukr-okladka-przod-204x300.jpg 204w, http:\/\/piekarska.com.pl\/wp-content\/uploads\/2015\/04\/kpc-ukr-okladka-przod-102x150.jpg 102w, http:\/\/piekarska.com.pl\/wp-content\/uploads\/2015\/04\/kpc-ukr-okladka-przod.jpg 438w\" sizes=\"auto, (max-width: 204px) 100vw, 204px\" \/><\/a><\/figure>\n\n\n\n<figure class=\"wp-block-image size-medium\"><a href=\"http:\/\/piekarska.com.pl\/wp-content\/uploads\/2015\/11\/projekt-4-c.jpg\"><img loading=\"lazy\" decoding=\"async\" width=\"200\" height=\"300\" data-id=\"4903\" src=\"http:\/\/piekarska.com.pl\/wp-content\/uploads\/2015\/11\/projekt-4-c-200x300.jpg\" alt=\"\" class=\"wp-image-4903\" srcset=\"http:\/\/piekarska.com.pl\/wp-content\/uploads\/2015\/11\/projekt-4-c-200x300.jpg 200w, http:\/\/piekarska.com.pl\/wp-content\/uploads\/2015\/11\/projekt-4-c-683x1024.jpg 683w, http:\/\/piekarska.com.pl\/wp-content\/uploads\/2015\/11\/projekt-4-c.jpg 827w\" sizes=\"auto, (max-width: 200px) 100vw, 200px\" \/><\/a><\/figure>\n\n\n\n<figure class=\"wp-block-image size-medium\"><a href=\"http:\/\/piekarska.com.pl\/wp-content\/uploads\/2015\/10\/klasa-pani-czajki-wyd-ii-cd.jpg\"><img loading=\"lazy\" decoding=\"async\" width=\"300\" height=\"268\" data-id=\"4856\" src=\"http:\/\/piekarska.com.pl\/wp-content\/uploads\/2015\/10\/klasa-pani-czajki-wyd-ii-cd-300x268.jpg\" alt=\"\" class=\"wp-image-4856\" srcset=\"http:\/\/piekarska.com.pl\/wp-content\/uploads\/2015\/10\/klasa-pani-czajki-wyd-ii-cd-300x268.jpg 300w, http:\/\/piekarska.com.pl\/wp-content\/uploads\/2015\/10\/klasa-pani-czajki-wyd-ii-cd-1024x916.jpg 1024w, http:\/\/piekarska.com.pl\/wp-content\/uploads\/2015\/10\/klasa-pani-czajki-wyd-ii-cd.jpg 1635w\" sizes=\"auto, (max-width: 300px) 100vw, 300px\" \/><\/a><\/figure>\n\n\n\n<figure class=\"wp-block-image size-medium\"><a href=\"http:\/\/piekarska.com.pl\/wp-content\/uploads\/2015\/04\/lo.jpg\"><img loading=\"lazy\" decoding=\"async\" width=\"215\" height=\"300\" data-id=\"171\" src=\"http:\/\/piekarska.com.pl\/wp-content\/uploads\/2015\/04\/lo-215x300.jpg\" alt=\"\" class=\"wp-image-171\" srcset=\"http:\/\/piekarska.com.pl\/wp-content\/uploads\/2015\/04\/lo-215x300.jpg 215w, http:\/\/piekarska.com.pl\/wp-content\/uploads\/2015\/04\/lo-108x150.jpg 108w, http:\/\/piekarska.com.pl\/wp-content\/uploads\/2015\/04\/lo.jpg 516w\" sizes=\"auto, (max-width: 215px) 100vw, 215px\" \/><\/a><\/figure>\n\n\n\n<figure class=\"wp-block-image size-medium\"><a href=\"http:\/\/piekarska.com.pl\/wp-content\/uploads\/2016\/11\/LO-teria.jpg\"><img loading=\"lazy\" decoding=\"async\" width=\"207\" height=\"300\" data-id=\"6248\" src=\"http:\/\/piekarska.com.pl\/wp-content\/uploads\/2016\/11\/LO-teria-207x300.jpg\" alt=\"\" class=\"wp-image-6248\" srcset=\"http:\/\/piekarska.com.pl\/wp-content\/uploads\/2016\/11\/LO-teria-207x300.jpg 207w, http:\/\/piekarska.com.pl\/wp-content\/uploads\/2016\/11\/LO-teria-768x1116.jpg 768w, http:\/\/piekarska.com.pl\/wp-content\/uploads\/2016\/11\/LO-teria-705x1024.jpg 705w, http:\/\/piekarska.com.pl\/wp-content\/uploads\/2016\/11\/LO-teria.jpg 826w\" sizes=\"auto, (max-width: 207px) 100vw, 207px\" \/><\/a><\/figure>\n\n\n\n<figure class=\"wp-block-image size-medium\"><a href=\"http:\/\/piekarska.com.pl\/wp-content\/uploads\/2017\/05\/Lo-teria-Piekarska-audiobook-front300dpi.jpg\"><img loading=\"lazy\" decoding=\"async\" width=\"300\" height=\"269\" data-id=\"7091\" src=\"http:\/\/piekarska.com.pl\/wp-content\/uploads\/2017\/05\/Lo-teria-Piekarska-audiobook-front300dpi-300x269.jpg\" alt=\"\" class=\"wp-image-7091\" srcset=\"http:\/\/piekarska.com.pl\/wp-content\/uploads\/2017\/05\/Lo-teria-Piekarska-audiobook-front300dpi-300x269.jpg 300w, http:\/\/piekarska.com.pl\/wp-content\/uploads\/2017\/05\/Lo-teria-Piekarska-audiobook-front300dpi-768x690.jpg 768w, http:\/\/piekarska.com.pl\/wp-content\/uploads\/2017\/05\/Lo-teria-Piekarska-audiobook-front300dpi-1024x920.jpg 1024w, http:\/\/piekarska.com.pl\/wp-content\/uploads\/2017\/05\/Lo-teria-Piekarska-audiobook-front300dpi.jpg 1637w\" sizes=\"auto, (max-width: 300px) 100vw, 300px\" \/><\/a><\/figure>\n\n\n\n<figure class=\"wp-block-image size-medium\"><a href=\"http:\/\/piekarska.com.pl\/wp-content\/uploads\/2015\/04\/Lotereya_obl.jpg\"><img loading=\"lazy\" decoding=\"async\" width=\"206\" height=\"300\" data-id=\"172\" src=\"http:\/\/piekarska.com.pl\/wp-content\/uploads\/2015\/04\/Lotereya_obl-206x300.jpg\" alt=\"\" class=\"wp-image-172\" srcset=\"http:\/\/piekarska.com.pl\/wp-content\/uploads\/2015\/04\/Lotereya_obl-206x300.jpg 206w, http:\/\/piekarska.com.pl\/wp-content\/uploads\/2015\/04\/Lotereya_obl-103x150.jpg 103w, http:\/\/piekarska.com.pl\/wp-content\/uploads\/2015\/04\/Lotereya_obl.jpg 562w\" sizes=\"auto, (max-width: 206px) 100vw, 206px\" \/><\/a><\/figure>\n\n\n\n<figure class=\"wp-block-image size-medium\"><a href=\"http:\/\/piekarska.com.pl\/wp-content\/uploads\/2018\/11\/projekt-3.jpg\"><img loading=\"lazy\" decoding=\"async\" width=\"196\" height=\"300\" data-id=\"9315\" src=\"http:\/\/piekarska.com.pl\/wp-content\/uploads\/2018\/11\/projekt-3-196x300.jpg\" alt=\"Licencja na doros\u0142o\u015b\u0107\" class=\"wp-image-9315\" srcset=\"http:\/\/piekarska.com.pl\/wp-content\/uploads\/2018\/11\/projekt-3-196x300.jpg 196w, http:\/\/piekarska.com.pl\/wp-content\/uploads\/2018\/11\/projekt-3-768x1174.jpg 768w, http:\/\/piekarska.com.pl\/wp-content\/uploads\/2018\/11\/projekt-3-670x1024.jpg 670w, http:\/\/piekarska.com.pl\/wp-content\/uploads\/2018\/11\/projekt-3.jpg 827w\" sizes=\"auto, (max-width: 196px) 100vw, 196px\" \/><\/a><\/figure>\n\n\n\n<figure class=\"wp-block-image size-medium\"><a href=\"http:\/\/piekarska.com.pl\/wp-content\/uploads\/2019\/03\/licencja-audio.jpeg\"><img loading=\"lazy\" decoding=\"async\" width=\"300\" height=\"272\" data-id=\"9621\" src=\"http:\/\/piekarska.com.pl\/wp-content\/uploads\/2019\/03\/licencja-audio-300x272.jpeg\" alt=\"\" class=\"wp-image-9621\" srcset=\"http:\/\/piekarska.com.pl\/wp-content\/uploads\/2019\/03\/licencja-audio-300x272.jpeg 300w, http:\/\/piekarska.com.pl\/wp-content\/uploads\/2019\/03\/licencja-audio-768x695.jpeg 768w, http:\/\/piekarska.com.pl\/wp-content\/uploads\/2019\/03\/licencja-audio.jpeg 800w\" sizes=\"auto, (max-width: 300px) 100vw, 300px\" \/><\/a><\/figure>\n\n\n\n<figure class=\"wp-block-image size-medium\"><a href=\"http:\/\/piekarska.com.pl\/wp-content\/uploads\/2020\/02\/0c7c90396f6e467ceba31d2987d6bec7.png\"><img loading=\"lazy\" decoding=\"async\" width=\"202\" height=\"300\" data-id=\"26157\" src=\"http:\/\/piekarska.com.pl\/wp-content\/uploads\/2020\/02\/0c7c90396f6e467ceba31d2987d6bec7-202x300.png\" alt=\"\" class=\"wp-image-26157\" srcset=\"http:\/\/piekarska.com.pl\/wp-content\/uploads\/2020\/02\/0c7c90396f6e467ceba31d2987d6bec7-202x300.png 202w, http:\/\/piekarska.com.pl\/wp-content\/uploads\/2020\/02\/0c7c90396f6e467ceba31d2987d6bec7-689x1024.png 689w, http:\/\/piekarska.com.pl\/wp-content\/uploads\/2020\/02\/0c7c90396f6e467ceba31d2987d6bec7.png 707w\" sizes=\"auto, (max-width: 202px) 100vw, 202px\" \/><\/a><\/figure>\n\n\n\n<figure class=\"wp-block-image size-medium\"><a href=\"http:\/\/piekarska.com.pl\/wp-content\/uploads\/2015\/04\/okladkatropi.jpg\"><img loading=\"lazy\" decoding=\"async\" width=\"224\" height=\"300\" data-id=\"175\" src=\"http:\/\/piekarska.com.pl\/wp-content\/uploads\/2015\/04\/okladkatropi-224x300.jpg\" alt=\"\" class=\"wp-image-175\" srcset=\"http:\/\/piekarska.com.pl\/wp-content\/uploads\/2015\/04\/okladkatropi-224x300.jpg 224w, http:\/\/piekarska.com.pl\/wp-content\/uploads\/2015\/04\/okladkatropi-112x150.jpg 112w, http:\/\/piekarska.com.pl\/wp-content\/uploads\/2015\/04\/okladkatropi.jpg 613w\" sizes=\"auto, (max-width: 224px) 100vw, 224px\" \/><\/a><\/figure>\n\n\n\n<figure class=\"wp-block-image size-medium\"><a href=\"http:\/\/piekarska.com.pl\/wp-content\/uploads\/2015\/04\/tropi.jpg\"><img loading=\"lazy\" decoding=\"async\" width=\"224\" height=\"300\" data-id=\"176\" src=\"http:\/\/piekarska.com.pl\/wp-content\/uploads\/2015\/04\/tropi-224x300.jpg\" alt=\"\" class=\"wp-image-176\" srcset=\"http:\/\/piekarska.com.pl\/wp-content\/uploads\/2015\/04\/tropi-224x300.jpg 224w, http:\/\/piekarska.com.pl\/wp-content\/uploads\/2015\/04\/tropi-112x150.jpg 112w, http:\/\/piekarska.com.pl\/wp-content\/uploads\/2015\/04\/tropi.jpg 538w\" sizes=\"auto, (max-width: 224px) 100vw, 224px\" \/><\/a><\/figure>\n\n\n\n<figure class=\"wp-block-image size-medium\"><a href=\"http:\/\/piekarska.com.pl\/wp-content\/uploads\/2015\/04\/audiobook-przod.jpg\"><img loading=\"lazy\" decoding=\"async\" width=\"215\" height=\"300\" data-id=\"192\" src=\"http:\/\/piekarska.com.pl\/wp-content\/uploads\/2015\/04\/audiobook-przod-215x300.jpg\" alt=\"\" class=\"wp-image-192\" srcset=\"http:\/\/piekarska.com.pl\/wp-content\/uploads\/2015\/04\/audiobook-przod-215x300.jpg 215w, http:\/\/piekarska.com.pl\/wp-content\/uploads\/2015\/04\/audiobook-przod-107x150.jpg 107w, http:\/\/piekarska.com.pl\/wp-content\/uploads\/2015\/04\/audiobook-przod.jpg 313w\" sizes=\"auto, (max-width: 215px) 100vw, 215px\" \/><\/a><\/figure>\n\n\n\n<figure class=\"wp-block-image size-medium\"><a href=\"http:\/\/piekarska.com.pl\/wp-content\/uploads\/2015\/11\/Tropiciele_front.jpg\"><img loading=\"lazy\" decoding=\"async\" width=\"219\" height=\"300\" data-id=\"4904\" src=\"http:\/\/piekarska.com.pl\/wp-content\/uploads\/2015\/11\/Tropiciele_front-219x300.jpg\" alt=\"\" class=\"wp-image-4904\" srcset=\"http:\/\/piekarska.com.pl\/wp-content\/uploads\/2015\/11\/Tropiciele_front-219x300.jpg 219w, http:\/\/piekarska.com.pl\/wp-content\/uploads\/2015\/11\/Tropiciele_front-747x1024.jpg 747w, http:\/\/piekarska.com.pl\/wp-content\/uploads\/2015\/11\/Tropiciele_front.jpg 1738w\" sizes=\"auto, (max-width: 219px) 100vw, 219px\" \/><\/a><\/figure>\n\n\n\n<figure class=\"wp-block-image size-medium\"><a href=\"http:\/\/piekarska.com.pl\/wp-content\/uploads\/2015\/04\/dzika.jpg\"><img loading=\"lazy\" decoding=\"async\" width=\"223\" height=\"300\" data-id=\"166\" src=\"http:\/\/piekarska.com.pl\/wp-content\/uploads\/2015\/04\/dzika-223x300.jpg\" alt=\"\" class=\"wp-image-166\" srcset=\"http:\/\/piekarska.com.pl\/wp-content\/uploads\/2015\/04\/dzika-223x300.jpg 223w, http:\/\/piekarska.com.pl\/wp-content\/uploads\/2015\/04\/dzika-111x150.jpg 111w, http:\/\/piekarska.com.pl\/wp-content\/uploads\/2015\/04\/dzika.jpg 534w\" sizes=\"auto, (max-width: 223px) 100vw, 223px\" \/><\/a><\/figure>\n\n\n\n<figure class=\"wp-block-image size-medium\"><a href=\"http:\/\/piekarska.com.pl\/wp-content\/uploads\/2015\/04\/dzika-1.jpg\"><img loading=\"lazy\" decoding=\"async\" width=\"198\" height=\"300\" data-id=\"7381\" src=\"http:\/\/piekarska.com.pl\/wp-content\/uploads\/2015\/04\/dzika-1-198x300.jpg\" alt=\"\" class=\"wp-image-7381\" srcset=\"http:\/\/piekarska.com.pl\/wp-content\/uploads\/2015\/04\/dzika-1-198x300.jpg 198w, http:\/\/piekarska.com.pl\/wp-content\/uploads\/2015\/04\/dzika-1-768x1165.jpg 768w, http:\/\/piekarska.com.pl\/wp-content\/uploads\/2015\/04\/dzika-1-675x1024.jpg 675w, http:\/\/piekarska.com.pl\/wp-content\/uploads\/2015\/04\/dzika-1.jpg 883w\" sizes=\"auto, (max-width: 198px) 100vw, 198px\" \/><\/a><\/figure>\n\n\n\n<figure class=\"wp-block-image size-medium\"><a href=\"http:\/\/piekarska.com.pl\/wp-content\/uploads\/2015\/04\/dzika-cd.jpg\"><img loading=\"lazy\" decoding=\"async\" width=\"300\" height=\"269\" data-id=\"7714\" src=\"http:\/\/piekarska.com.pl\/wp-content\/uploads\/2015\/04\/dzika-cd-300x269.jpg\" alt=\"\" class=\"wp-image-7714\" srcset=\"http:\/\/piekarska.com.pl\/wp-content\/uploads\/2015\/04\/dzika-cd-300x269.jpg 300w, http:\/\/piekarska.com.pl\/wp-content\/uploads\/2015\/04\/dzika-cd.jpg 480w\" sizes=\"auto, (max-width: 300px) 100vw, 300px\" \/><\/a><\/figure>\n\n\n\n<figure class=\"wp-block-image size-medium\"><a href=\"http:\/\/piekarska.com.pl\/wp-content\/uploads\/2015\/04\/okladka.jpg\"><img loading=\"lazy\" decoding=\"async\" width=\"212\" height=\"300\" data-id=\"131\" src=\"http:\/\/piekarska.com.pl\/wp-content\/uploads\/2015\/04\/okladka-212x300.jpg\" alt=\"\" class=\"wp-image-131\" srcset=\"http:\/\/piekarska.com.pl\/wp-content\/uploads\/2015\/04\/okladka-212x300.jpg 212w, http:\/\/piekarska.com.pl\/wp-content\/uploads\/2015\/04\/okladka-106x150.jpg 106w, http:\/\/piekarska.com.pl\/wp-content\/uploads\/2015\/04\/okladka.jpg 600w\" sizes=\"auto, (max-width: 212px) 100vw, 212px\" \/><\/a><\/figure>\n\n\n\n<figure class=\"wp-block-image size-medium\"><a href=\"http:\/\/piekarska.com.pl\/wp-content\/uploads\/2015\/04\/kurs-dziennikarstwa.jpg\"><img loading=\"lazy\" decoding=\"async\" width=\"213\" height=\"300\" data-id=\"170\" src=\"http:\/\/piekarska.com.pl\/wp-content\/uploads\/2015\/04\/kurs-dziennikarstwa-213x300.jpg\" alt=\"\" class=\"wp-image-170\" srcset=\"http:\/\/piekarska.com.pl\/wp-content\/uploads\/2015\/04\/kurs-dziennikarstwa-213x300.jpg 213w, http:\/\/piekarska.com.pl\/wp-content\/uploads\/2015\/04\/kurs-dziennikarstwa-106x150.jpg 106w, http:\/\/piekarska.com.pl\/wp-content\/uploads\/2015\/04\/kurs-dziennikarstwa.jpg 582w\" sizes=\"auto, (max-width: 213px) 100vw, 213px\" \/><\/a><\/figure>\n\n\n\n<figure class=\"wp-block-image size-medium\"><a href=\"http:\/\/piekarska.com.pl\/wp-content\/uploads\/2016\/08\/a6a2d0472eacf868a885bbf99dde03ad.jpg\"><img loading=\"lazy\" decoding=\"async\" width=\"214\" height=\"300\" data-id=\"5912\" src=\"http:\/\/piekarska.com.pl\/wp-content\/uploads\/2016\/08\/a6a2d0472eacf868a885bbf99dde03ad-214x300.jpg\" alt=\"\" class=\"wp-image-5912\" srcset=\"http:\/\/piekarska.com.pl\/wp-content\/uploads\/2016\/08\/a6a2d0472eacf868a885bbf99dde03ad-214x300.jpg 214w, http:\/\/piekarska.com.pl\/wp-content\/uploads\/2016\/08\/a6a2d0472eacf868a885bbf99dde03ad.jpg 712w\" sizes=\"auto, (max-width: 214px) 100vw, 214px\" \/><\/a><\/figure>\n\n\n\n<figure class=\"wp-block-image size-medium\"><a href=\"http:\/\/piekarska.com.pl\/wp-content\/uploads\/2021\/02\/marynarz300.jpg\"><img loading=\"lazy\" decoding=\"async\" width=\"212\" height=\"300\" data-id=\"76534\" src=\"http:\/\/piekarska.com.pl\/wp-content\/uploads\/2021\/02\/marynarz300-212x300.jpg\" alt=\"\" class=\"wp-image-76534\" srcset=\"http:\/\/piekarska.com.pl\/wp-content\/uploads\/2021\/02\/marynarz300-212x300.jpg 212w, http:\/\/piekarska.com.pl\/wp-content\/uploads\/2021\/02\/marynarz300-724x1024.jpg 724w, http:\/\/piekarska.com.pl\/wp-content\/uploads\/2021\/02\/marynarz300-768x1086.jpg 768w, http:\/\/piekarska.com.pl\/wp-content\/uploads\/2021\/02\/marynarz300-1086x1536.jpg 1086w, http:\/\/piekarska.com.pl\/wp-content\/uploads\/2021\/02\/marynarz300-1448x2048.jpg 1448w, http:\/\/piekarska.com.pl\/wp-content\/uploads\/2021\/02\/marynarz300.jpg 1712w\" sizes=\"auto, (max-width: 212px) 100vw, 212px\" \/><\/a><\/figure>\n\n\n\n<figure class=\"wp-block-image size-medium\"><a href=\"http:\/\/piekarska.com.pl\/wp-content\/uploads\/2025\/11\/drzewo-maurycego-scaled.jpg\"><img loading=\"lazy\" decoding=\"async\" width=\"212\" height=\"300\" data-id=\"77792\" src=\"http:\/\/piekarska.com.pl\/wp-content\/uploads\/2025\/11\/drzewo-maurycego-212x300.jpg\" alt=\"\" class=\"wp-image-77792\" srcset=\"http:\/\/piekarska.com.pl\/wp-content\/uploads\/2025\/11\/drzewo-maurycego-212x300.jpg 212w, http:\/\/piekarska.com.pl\/wp-content\/uploads\/2025\/11\/drzewo-maurycego-724x1024.jpg 724w, http:\/\/piekarska.com.pl\/wp-content\/uploads\/2025\/11\/drzewo-maurycego-768x1086.jpg 768w, http:\/\/piekarska.com.pl\/wp-content\/uploads\/2025\/11\/drzewo-maurycego-1086x1536.jpg 1086w, http:\/\/piekarska.com.pl\/wp-content\/uploads\/2025\/11\/drzewo-maurycego-1449x2048.jpg 1449w, http:\/\/piekarska.com.pl\/wp-content\/uploads\/2025\/11\/drzewo-maurycego-scaled.jpg 1811w\" sizes=\"auto, (max-width: 212px) 100vw, 212px\" \/><\/a><\/figure>\n<\/figure>\n\n\n\n<div class=\"wp-block-group\"><div class=\"wp-block-group__inner-container is-layout-flow wp-block-group-is-layout-flow\"><\/div><\/div>\n\n\n\n<p>&nbsp;&nbsp;&nbsp;<a href=\"http:\/\/piekarska.com.pl\/wp-content\/uploads\/2015\/04\/dzika.jpg\">&nbsp;<\/a>&nbsp;&nbsp;&nbsp;&nbsp;&nbsp;&nbsp;&nbsp;&nbsp;&nbsp;&nbsp; &nbsp;&nbsp;<\/p>\n","protected":false},"excerpt":{"rendered":"<p>&nbsp;&nbsp;&nbsp;&nbsp;&nbsp;&nbsp;&nbsp;&nbsp;&nbsp;&nbsp;&nbsp;&nbsp;&nbsp;&nbsp; &nbsp;&nbsp;<\/p>\n","protected":false},"author":1,"featured_media":0,"parent":0,"menu_order":2,"comment_status":"closed","ping_status":"closed","template":"","meta":{"_acf_changed":false,"footnotes":""},"class_list":["post-96","page","type-page","status-publish","hentry"],"acf":[],"_links":{"self":[{"href":"http:\/\/piekarska.com.pl\/index.php?rest_route=\/wp\/v2\/pages\/96","targetHints":{"allow":["GET"]}}],"collection":[{"href":"http:\/\/piekarska.com.pl\/index.php?rest_route=\/wp\/v2\/pages"}],"about":[{"href":"http:\/\/piekarska.com.pl\/index.php?rest_route=\/wp\/v2\/types\/page"}],"author":[{"embeddable":true,"href":"http:\/\/piekarska.com.pl\/index.php?rest_route=\/wp\/v2\/users\/1"}],"replies":[{"embeddable":true,"href":"http:\/\/piekarska.com.pl\/index.php?rest_route=%2Fwp%2Fv2%2Fcomments&post=96"}],"version-history":[{"count":35,"href":"http:\/\/piekarska.com.pl\/index.php?rest_route=\/wp\/v2\/pages\/96\/revisions"}],"predecessor-version":[{"id":77813,"href":"http:\/\/piekarska.com.pl\/index.php?rest_route=\/wp\/v2\/pages\/96\/revisions\/77813"}],"wp:attachment":[{"href":"http:\/\/piekarska.com.pl\/index.php?rest_route=%2Fwp%2Fv2%2Fmedia&parent=96"}],"curies":[{"name":"wp","href":"https:\/\/api.w.org\/{rel}","templated":true}]}}