{"id":965,"date":"2015-04-24T07:28:42","date_gmt":"2015-04-24T07:28:42","guid":{"rendered":"http:\/\/piekarska.com.pl\/?page_id=965"},"modified":"2015-04-26T17:14:57","modified_gmt":"2015-04-26T17:14:57","slug":"recenzje-z-biblionetki","status":"publish","type":"page","link":"http:\/\/piekarska.com.pl\/?page_id=965","title":{"rendered":"Recenzje z Biblionetki"},"content":{"rendered":"<p><a href=\"http:\/\/piekarska.com.pl\/wp-content\/uploads\/2015\/04\/Okladka-Czajki.jpg\"><img loading=\"lazy\" decoding=\"async\" class=\"alignleft size-medium wp-image-174\" src=\"http:\/\/piekarska.com.pl\/wp-content\/uploads\/2015\/04\/Okladka-Czajki-212x300.jpg\" alt=\"Okladka-Czajki\" width=\"212\" height=\"300\" srcset=\"http:\/\/piekarska.com.pl\/wp-content\/uploads\/2015\/04\/Okladka-Czajki-212x300.jpg 212w, http:\/\/piekarska.com.pl\/wp-content\/uploads\/2015\/04\/Okladka-Czajki-106x150.jpg 106w, http:\/\/piekarska.com.pl\/wp-content\/uploads\/2015\/04\/Okladka-Czajki.jpg 350w\" sizes=\"auto, (max-width: 212px) 100vw, 212px\" \/><\/a>Autorka tej ksi\u0105\u017cki ma niesamowite poj\u0119cie o klasie. Bardzo mi si\u0119 to podoba, bo tak naprawd\u0119 par\u0119 rzeczy si\u0119 zgadza, a reszta jest taka jaka powinna by\u0107.<\/p>\n<p>G\u0142\u00f3wni bohaterowie, czyli Ma\u0142gosia, Maciek, Kamila i Czarny Micha\u0142, to postaci, naoko\u0142o kt\u00f3rych tak naprawd\u0119 toczy si\u0119 ca\u0142a historia klasy pani Czajki. Chcesz zobaczy\u0107 wymarzon\u0105, zgodn\u0105, prawdziw\u0105 mi\u0142o\u015b\u0107? Przeczytaj t\u0119 ksi\u0105\u017ck\u0119 jako Ma\u0142gosia lub Maciek. Chcesz wiedzie\u0107, co si\u0119 dzieje, gdy egoizm bierze g\u00f3r\u0119 nad innymi uczuciami? Poznaj Kamil\u0119. Czyli po prostu&#8230; wszystko, co jest wa\u017cne dla gimnazjalisty &#8211; znajdziesz w tej w\u0142a\u015bnie ksi\u0105\u017cce.<\/p>\n<p><em>23 stycznia 2005<br \/>\nAutor: ogram<br \/>\n\u0179r\u00f3d\u0142o: Biblionetka<\/em><\/p>\n<p><em>***<\/em><\/p>\n<p>Ksi\u0105\u017cka pod tytu\u0142em &#8222;Klasa pani Czajki&#8221; opowiada o losach gimnazjalist\u00f3w, kt\u00f3rzy ucz\u0119szczaj\u0105 do jednej klasy. Powie\u015b\u0107 zawiera w sobie wiele mora\u0142\u00f3w i sytuacji z \u017cycia codziennego m\u0142odych ludzi. Naprawd\u0119 warto j\u0105 przeczyta\u0107.<\/p>\n<p><em>23 lipca 2005<br \/>\nAutor: kiwi<br \/>\n\u0179r\u00f3d\u0142o: Biblionetka<\/em><\/p>\n<p>***<\/p>\n<p>Ksi\u0105\u017ck\u0119 na pewno warto przeczyta\u0107. Gdy j\u0105 czyta\u0142am to zauwa\u017cy\u0142am, ze sytuacje, kt\u00f3re zosta\u0142y w niej opisane s\u0105 bardzo podobne do tych, z kt\u00f3rymi spotykam si\u0119 na co dzie\u0144 w szkole. &#8222;Klasa pani Czajki&#8221; bardzo dok\u0142adnie obrazuje \u017cycie i odczucia dzisiejszych nastolatk\u00f3w. Oceni\u0142am na sze\u015b\u0107, bo ksi\u0105\u017ck\u0119 czyta si\u0119 bardzo szybko (przeczyta\u0142am w dwa dni) i m\u00f3wi nam ona o normalnych sytuacjach, kt\u00f3re przytrafiaj\u0105 nam si\u0119 ka\u017cdego dnia&#8230; Gor\u0105co polecam.<\/p>\n<p><em>2008-06-19, <\/em><br \/>\n<em>autor: julka11<\/em><br \/>\n<em>\u0179r\u00f3d\u0142o: Biblionetka<\/em><\/p>\n<p>***<\/p>\n<p><a href=\"http:\/\/piekarska.com.pl\/wp-content\/uploads\/2015\/04\/kpc.jpg\"><img loading=\"lazy\" decoding=\"async\" class=\" size-medium wp-image-167 alignright\" src=\"http:\/\/piekarska.com.pl\/wp-content\/uploads\/2015\/04\/kpc-222x300.jpg\" alt=\"kpc\" width=\"222\" height=\"300\" srcset=\"http:\/\/piekarska.com.pl\/wp-content\/uploads\/2015\/04\/kpc-222x300.jpg 222w, http:\/\/piekarska.com.pl\/wp-content\/uploads\/2015\/04\/kpc-111x150.jpg 111w, http:\/\/piekarska.com.pl\/wp-content\/uploads\/2015\/04\/kpc.jpg 532w\" sizes=\"auto, (max-width: 222px) 100vw, 222px\" \/><\/a>Mam silne wra\u017cenie, \u017ce pani Piekarska napisa\u0142a bardziej bajk\u0119 ni\u017c prawdziw\u0105, z \u017cycia wzi\u0119t\u0105 histori\u0119 o nastolatkach. Je\u015bli nie potrafi pisa\u0107 o gimnazjalistach, to mog\u0142a si\u0119 skupi\u0107 na uczniach ze szko\u0142y podstawowej. Chodz\u0119 do trzeciej klasy gimnazjum, wi\u0119c wiem, o czym m\u00f3wi\u0119.<br \/>\nTo historia o Ma\u0142gosi, Czarnym Michale, Ma\u0107ku, Kamili, Olku i innych. Czyta\u0142o si\u0119 szybko i wystawi\u0142am 5. Mimo tego, \u017ce ksi\u0105\u017cka ma wiele niedoci\u0105gni\u0119\u0107 i niedopatrze\u0144, ale to ju\u017c jest moja prywatna opinia. M\u0142odzie\u017c w tej ksi\u0105\u017cce jest dziecinna i nadwra\u017cliwa. Czy tacy w istocie jeste\u015bmy? Na pewno nie ludzie, z kt\u00f3rymi si\u0119 na co dzie\u0144 spotykam. Na pewno nie mamy konflikt\u00f3w typu kole\u017canka wzi\u0119\u0142a mi breloczek, i nie p\u0142aczemy z tego powodu. Jednym s\u0142owem: je\u015bli kto\u015b lubi takie &#8222;beztroskie&#8221; problemy, niech si\u0119gnie po t\u0119 ksi\u0105\u017ck\u0119, reszcie nie polecam.<\/p>\n<p><em>2009-02-19\u00a0<\/em><br \/>\n<em>Autor: Nieprzenikniona<\/em><br \/>\n<em>\u0179r\u00f3d\u0142o: Biblionetka<\/em><\/p>\n<p>odpowied\u017a:<\/p>\n<p>Jednak, Beato, musisz wzi\u0105\u0107 pod uwag\u0119, \u017ce powie\u015b\u0107 nie opowiada o uczniach tylko trzeciej klasy &#8211; kt\u00f3rzy, jako szesnastolatki, czuj\u0105 si\u0119 ju\u017c bardzo doro\u015bli &#8211; lecz akcja jej toczy si\u0119 przez ca\u0142y okres nauki bohater\u00f3w w gimnazjum, kt\u00f3r\u0105 to zaczyna si\u0119 maj\u0105c lat 13 ; oczywi\u015bcie, \u017ce zdarzaj\u0105 si\u0119 w tym wieku osoby ponadprzeci\u0119tnie dojrza\u0142e, ale spora cz\u0119\u015b\u0107 -no, w\u0142a\u015bnie jest dziecinna i nadwra\u017cliwa. Zreszt\u0105 nawet w przypadku bohater\u00f3w &#8222;Klasy pani Czajki&#8221; nie dotyczy to wszystkich &#8211; niekt\u00f3rzy s\u0105 nad wiek doro\u015bli i maj\u0105 wcale nie &#8222;beztroskie&#8221; problemy.<br \/>\nDruga okoliczno\u015b\u0107, kt\u00f3r\u0105 trzeba by wzi\u0105\u0107 pod uwag\u0119, to, \u017ce gdy autorka pisa\u0142a t\u0119 ksi\u0105\u017ck\u0119 (I wydanie ukaza\u0142o si\u0119 w roku 2004, a jeszcze wcze\u015bniej przez 2 czy 3 lata powie\u015b\u0107 by\u0142a publikowana w odcinkach w kt\u00f3rym\u015b z m\u0142odzie\u017cowych czasopism), reforma o\u015bwiaty by\u0142a stosunkow\u0105 nowo\u015bci\u0105. Dzisiaj, przynajmniej takie mam wra\u017cenie, znaczna cz\u0119\u015b\u0107 gimnazjalist\u00f3w po prostu zaczyna si\u0119 wcze\u015bniej czu\u0107 doro\u015ble przez sam fakt ucz\u0119szczania do nowej szko\u0142y, ale wtedy, na pocz\u0105tku, trzynastolatek wyrwany z dawnego otoczenia chyba mniej si\u0119 r\u00f3\u017cni\u0142 psychicznie od swojego r\u00f3wie\u015bnika &#8211; si\u00f3dmoklasisty &#8211; sprzed 10 czy 20 lat, ni\u017c od tego dzisiejszego. Nie m\u00f3wi\u0105c ju\u017c o tym, \u017ce w czasach, kiedy ja mia\u0142am 13 czy nawet ju\u017c prawie 15 lat, ale wci\u0105\u017c by\u0142am uczennic\u0105 podstaw\u00f3wki, uwa\u017cano nas zwyczajnie i po prostu za dzieci, i my\u015bmy sami zaczynali si\u0119 nazywa\u0107 m\u0142odzie\u017c\u0105 dopiero po przekroczeniu tej magicznej granicy 8 klas&#8230;<br \/>\nBy\u0107 mo\u017ce za kolejnych 10 lat gimnazjali\u015bci b\u0119d\u0105 jeszcze doro\u015blejsi? Ale nie wydaje mi si\u0119, by z tego powodu trzeba by\u0142o t\u0119 ksi\u0105\u017ck\u0119 dyskredytowa\u0107. Dla mnie, przedstawicielki starszego pokolenia, by\u0142a ona cennym uzupe\u0142nieniem w\u0142asnych obserwacji, jakich dokonuj\u0119 na co dzie\u0144.<\/p>\n<p><em>2009-02-26\u00a0<\/em><br \/>\n<em>Autor:\u00a0dot59<\/em><br \/>\n<em>\u0179r\u00f3d\u0142o: Biblionetka<\/em><\/p>\n<p>***<\/p>\n<p>&#8222;Klasa pani Czajki&#8221; powsta\u0142a jako powie\u015b\u0107 w odcinkach pisana przez Ma\u0142gorzat\u0119 Piekarsk\u0105 dla &#8222;Victora Gimnazjalisty&#8221;. Cieszy\u0142a si\u0119 tak du\u017c\u0105 popularno\u015bci\u0105, \u017ce autorka zdecydowa\u0142a si\u0119 na wydanie je w formie ksi\u0105\u017cki.<\/p>\n<p>Akcja rozgrywa si\u0119 w warszawskim gimnazjum, a bohaterami s\u0105 uczniowie klasy Ia, nad kt\u00f3rymi od pocz\u0105tku sprawuje piecz\u0119 surowa, ale sprawiedliwa wychowawczyni, pani Barbara Czajka. Pogmatwane losy nastolatk\u00f3w mo\u017cemy \u015bledzi\u0107 a\u017c do uko\u0144czenia przez nich szko\u0142y. Niemal ka\u017cdemu gimnazjali\u015bcie po\u015bwi\u0119cony jest odr\u0119bny rozdzia\u0142, co pozwala na zapoznanie si\u0119 wieloma osobami, cz\u0119sto o skrajnie r\u00f3\u017cnych charakterach.<\/p>\n<p>Uwa\u017cam, \u017ce ksi\u0105\u017cce wydatnie zaszkodzi\u0142 fakt, i\u017c by\u0142a wcze\u015bniej drukowana w tak kr\u00f3tkich rozdzia\u0142ach. Nie pozwoli\u0142o to na wystarczaj\u0105ce zag\u0142\u0119bienie si\u0119 w wi\u0119kszo\u015b\u0107 w\u0105tk\u00f3w, co sprawi\u0142o, \u017ce postaci oraz ich problemy wydawa\u0142y si\u0119 potraktowane bardzo po macoszemu. Autorka mia\u0142a niew\u0105tpliwie kilka dobrych koncepcji, kt\u00f3re mog\u0142y zosta\u0107 rozwini\u0119te w ciekaw\u0105 fabu\u0142\u0119. Obiecuj\u0105cy potencja\u0142 dawa\u0142y niew\u0105tpliwie w\u0105tki krn\u0105brnego Czarnego Micha\u0142a, rozdartej wewn\u0119trznie Kamili czy pozornie wyluzowanej, pozuj\u0105cej na szkoln\u0105 gwiazd\u0119 Ka\u015bki. Niestety, dobre pomys\u0142y to nie wszystko i wyznam, \u017ce utw\u00f3r przypomina\u0142 mi bardziej scenariusz stworzony na potrzeby serialu dla m\u0142odzie\u017cy ni\u017c ksi\u0105\u017ck\u0119. Jak dla mnie, w &#8222;Klasie pani Czajki&#8221; za du\u017co jest dialog\u00f3w, a za ma\u0142o opis\u00f3w uczu\u0107 bohater\u00f3w. Bez tego niezwykle trudno by\u0142o mi ich pozna\u0107 i zrozumie\u0107.<\/p>\n<p>Kolejnym minusem jest brak autentyczno\u015bci. W tym czasie, kiedy ksi\u0105\u017cka zosta\u0142a napisana, sama chodzi\u0142am do gimnazjum, wi\u0119c wiem dobrze, \u017ce uczniowie u\u017cywali tam nieco bardziej soczystych zwrot\u00f3w ni\u017c np. &#8222;ja piernicz\u0119&#8221;. Naturalnie zdaj\u0119 sobie spraw\u0119, \u017ce w tekstach zamieszczanych w czasopi\u015bmie dla nastolatk\u00f3w nie mog\u0142y znale\u017a\u0107 si\u0119 wulgaryzmy. Jednak spos\u00f3b wyra\u017cania si\u0119 gimnazjalist\u00f3w wp\u0142yn\u0105\u0142 w znacznym stopniu na m\u00f3j negatywny odbi\u00f3r tej historii.<\/p>\n<p>Abstrahuj\u0105c od kwestii j\u0119zykowych, musz\u0119 pomimo wszystko przyzna\u0107, \u017ce liczne elementy \u015bwiata przedstawionego, takie jak ubi\u00f3r czy rozrywki uczni\u00f3w, zosta\u0142y przedstawione wiarygodnie. Ale poza tym trudno mi jest znale\u017a\u0107 w tym utworze jeszcze co\u015b, co mi si\u0119 spodoba\u0142o. Poczu\u0142am si\u0119 rozczarowana, bo przeczyta\u0142am wiele entuzjastycznych recenzji &#8222;Klasy pani Czajki&#8221; i spodziewa\u0142am si\u0119, \u017ce jej klimat pozwoli mi chocia\u017c na chwil\u0119 przenie\u015b\u0107 si\u0119 do lat szkolnych. Szkoda, \u017ce mi si\u0119 to nie uda\u0142o&#8230;<\/p>\n<p><em>2010-05-03 <\/em><br \/>\n<em>Autor: Camelia<\/em><br \/>\n<em>\u0179r\u00f3d\u0142o: Biblionetka<\/em><\/p>\n","protected":false},"excerpt":{"rendered":"<p>Autorka tej ksi\u0105\u017cki ma niesamowite poj\u0119cie o klasie. Bardzo mi si\u0119 to podoba, bo tak naprawd\u0119 par\u0119 rzeczy si\u0119 zgadza, a reszta jest taka jaka powinna by\u0107. G\u0142\u00f3wni bohaterowie, czyli Ma\u0142gosia, Maciek, Kamila i Czarny Micha\u0142, to postaci, naoko\u0142o kt\u00f3rych &hellip; <a href=\"http:\/\/piekarska.com.pl\/?page_id=965\">Continue reading <span class=\"meta-nav\">&rarr;<\/span><\/a><\/p>\n","protected":false},"author":1,"featured_media":0,"parent":1932,"menu_order":0,"comment_status":"closed","ping_status":"closed","template":"","meta":{"_acf_changed":false,"footnotes":""},"class_list":["post-965","page","type-page","status-publish","hentry"],"acf":[],"_links":{"self":[{"href":"http:\/\/piekarska.com.pl\/index.php?rest_route=\/wp\/v2\/pages\/965","targetHints":{"allow":["GET"]}}],"collection":[{"href":"http:\/\/piekarska.com.pl\/index.php?rest_route=\/wp\/v2\/pages"}],"about":[{"href":"http:\/\/piekarska.com.pl\/index.php?rest_route=\/wp\/v2\/types\/page"}],"author":[{"embeddable":true,"href":"http:\/\/piekarska.com.pl\/index.php?rest_route=\/wp\/v2\/users\/1"}],"replies":[{"embeddable":true,"href":"http:\/\/piekarska.com.pl\/index.php?rest_route=%2Fwp%2Fv2%2Fcomments&post=965"}],"version-history":[{"count":5,"href":"http:\/\/piekarska.com.pl\/index.php?rest_route=\/wp\/v2\/pages\/965\/revisions"}],"predecessor-version":[{"id":2492,"href":"http:\/\/piekarska.com.pl\/index.php?rest_route=\/wp\/v2\/pages\/965\/revisions\/2492"}],"up":[{"embeddable":true,"href":"http:\/\/piekarska.com.pl\/index.php?rest_route=\/wp\/v2\/pages\/1932"}],"wp:attachment":[{"href":"http:\/\/piekarska.com.pl\/index.php?rest_route=%2Fwp%2Fv2%2Fmedia&parent=965"}],"curies":[{"name":"wp","href":"https:\/\/api.w.org\/{rel}","templated":true}]}}