{"id":981,"date":"2015-04-24T07:44:26","date_gmt":"2015-04-24T07:44:26","guid":{"rendered":"http:\/\/piekarska.com.pl\/?page_id=981"},"modified":"2017-05-05T08:11:13","modified_gmt":"2017-05-05T06:11:13","slug":"recenzja-z-cogito-lo-teria","status":"publish","type":"page","link":"http:\/\/piekarska.com.pl\/?page_id=981","title":{"rendered":"Recenzja z Cogito"},"content":{"rendered":"<p><strong><a href=\"http:\/\/piekarska.com.pl\/wp-content\/uploads\/2015\/04\/lo.jpg\"><img loading=\"lazy\" decoding=\"async\" class=\"alignleft size-medium wp-image-171\" src=\"http:\/\/piekarska.com.pl\/wp-content\/uploads\/2015\/04\/lo-215x300.jpg\" alt=\"lo\" width=\"215\" height=\"300\" srcset=\"http:\/\/piekarska.com.pl\/wp-content\/uploads\/2015\/04\/lo-215x300.jpg 215w, http:\/\/piekarska.com.pl\/wp-content\/uploads\/2015\/04\/lo-108x150.jpg 108w, http:\/\/piekarska.com.pl\/wp-content\/uploads\/2015\/04\/lo.jpg 516w\" sizes=\"auto, (max-width: 215px) 100vw, 215px\" \/><\/a>Ksi\u0105\u017cka numeru:<\/strong><\/p>\n<p>Wyczekana, ale wreszcie jest! Druga cz\u0119\u015b\u0107 \u201eKlasy pani Czajki\u201d, powie\u015bci, kt\u00f3ra podbi\u0142a serca wielu gimnazjalist\u00f3w. Uczniowie Czajki s\u0105 ju\u017c w liceum. Maciek, Kinga, Czarny Micha\u0142, Ma\u0142gosia, Kamila\u2026 M\u0142odzi ludzie, kt\u00f3rzy wkraczaj\u0105 w doros\u0142o\u015b\u0107. W \u015bwiat pe\u0142en emocji i nieznanych uczu\u0107. Nale\u017c\u0119 do grona wiernych fan\u00f3w ksi\u0105\u017cek Ma\u0142gosi Piekarskiej, podobnie jak m\u00f3j 15-letni syn. Wiem jedno, czytelnicy polubi\u0105 te\u017c \u015bwiat \u201eLO-terii\u201d, bo nie ma w nim \u015bciemy. Bo w opisywaniu emocji autorka jest mistrzyni\u0105. No i ma poczucie humoru \u2013 niepowtarzalne!<br \/>\n\u201eLO-teria\u201d to tytu\u0142 przewrotny. W loterii ka\u017cdy mo\u017ce wyci\u0105gn\u0105\u0107 los, kt\u00f3ry da mu szcz\u0119\u015bcie lub nie\u2026 Bohaterowie powie\u015bci wybieraj\u0105 r\u00f3\u017cne drogi, czasem pope\u0142niaj\u0105 b\u0142\u0119dy, szukaj\u0105 szcz\u0119\u015bcia nie tam gdzie powinni. Ale poznaj\u0105 dzi\u0119ki temu smak pora\u017cki, gorycz z powodu pope\u0142nianych b\u0142\u0119d\u00f3w. Doznaj\u0105 tez uczu\u0107, pierwszych mi\u0142o\u015bci, rozsta\u0144, upokorze\u0144. Niekt\u00f3rzy z nich poczuj\u0105, co to znaczy, gdy odchodz\u0105 ci, kt\u00f3rych kochamy i gdy rodzice kochaj\u0105 nas\u2026 toksycznie. Wejd\u017acie w \u015bwiat LO z \u201eLO-teri\u0105\u201d. To dobry los.<\/p>\n<p>Ola Siewko<\/p>\n<p>Cogito nr 15\/10 2 wrze\u015bnia 2010<\/p>\n","protected":false},"excerpt":{"rendered":"<p>Ksi\u0105\u017cka numeru: Wyczekana, ale wreszcie jest! Druga cz\u0119\u015b\u0107 \u201eKlasy pani Czajki\u201d, powie\u015bci, kt\u00f3ra podbi\u0142a serca wielu gimnazjalist\u00f3w. Uczniowie Czajki s\u0105 ju\u017c w liceum. Maciek, Kinga, Czarny Micha\u0142, Ma\u0142gosia, Kamila\u2026 M\u0142odzi ludzie, kt\u00f3rzy wkraczaj\u0105 w doros\u0142o\u015b\u0107. W \u015bwiat pe\u0142en emocji i &hellip; <a href=\"http:\/\/piekarska.com.pl\/?page_id=981\">Continue reading <span class=\"meta-nav\">&rarr;<\/span><\/a><\/p>\n","protected":false},"author":1,"featured_media":0,"parent":7042,"menu_order":0,"comment_status":"closed","ping_status":"open","template":"","meta":{"_acf_changed":false,"footnotes":""},"class_list":["post-981","page","type-page","status-publish","hentry"],"acf":[],"_links":{"self":[{"href":"http:\/\/piekarska.com.pl\/index.php?rest_route=\/wp\/v2\/pages\/981","targetHints":{"allow":["GET"]}}],"collection":[{"href":"http:\/\/piekarska.com.pl\/index.php?rest_route=\/wp\/v2\/pages"}],"about":[{"href":"http:\/\/piekarska.com.pl\/index.php?rest_route=\/wp\/v2\/types\/page"}],"author":[{"embeddable":true,"href":"http:\/\/piekarska.com.pl\/index.php?rest_route=\/wp\/v2\/users\/1"}],"replies":[{"embeddable":true,"href":"http:\/\/piekarska.com.pl\/index.php?rest_route=%2Fwp%2Fv2%2Fcomments&post=981"}],"version-history":[{"count":3,"href":"http:\/\/piekarska.com.pl\/index.php?rest_route=\/wp\/v2\/pages\/981\/revisions"}],"predecessor-version":[{"id":2524,"href":"http:\/\/piekarska.com.pl\/index.php?rest_route=\/wp\/v2\/pages\/981\/revisions\/2524"}],"up":[{"embeddable":true,"href":"http:\/\/piekarska.com.pl\/index.php?rest_route=\/wp\/v2\/pages\/7042"}],"wp:attachment":[{"href":"http:\/\/piekarska.com.pl\/index.php?rest_route=%2Fwp%2Fv2%2Fmedia&parent=981"}],"curies":[{"name":"wp","href":"https:\/\/api.w.org\/{rel}","templated":true}]}}