{"id":993,"date":"2015-04-24T07:48:25","date_gmt":"2015-04-24T07:48:25","guid":{"rendered":"http:\/\/piekarska.com.pl\/?page_id=993"},"modified":"2017-05-05T08:13:14","modified_gmt":"2017-05-05T06:13:14","slug":"recenzja-z-portalu-sztukater-lolek90","status":"publish","type":"page","link":"http:\/\/piekarska.com.pl\/?page_id=993","title":{"rendered":"Recenzja z portalu &#8222;Sztukater&#8221; (Lolek90)"},"content":{"rendered":"<p><a href=\"http:\/\/piekarska.com.pl\/wp-content\/uploads\/2015\/04\/lo.jpg\"><img loading=\"lazy\" decoding=\"async\" class=\"alignleft size-medium wp-image-171\" src=\"http:\/\/piekarska.com.pl\/wp-content\/uploads\/2015\/04\/lo-215x300.jpg\" alt=\"lo\" width=\"215\" height=\"300\" srcset=\"http:\/\/piekarska.com.pl\/wp-content\/uploads\/2015\/04\/lo-215x300.jpg 215w, http:\/\/piekarska.com.pl\/wp-content\/uploads\/2015\/04\/lo-108x150.jpg 108w, http:\/\/piekarska.com.pl\/wp-content\/uploads\/2015\/04\/lo.jpg 516w\" sizes=\"auto, (max-width: 215px) 100vw, 215px\" \/><\/a>\u201eLO-teria&#8221; to bezpo\u015brednia kontynuacja kultowej powie\u015bci \u201eKlasa pani Czajki&#8221; napisanej przez Ma\u0142gorzat\u0119 Karolin\u0119 Piekarsk\u0105. Przez sezony 2004\/2005 i 2005\/2006 poszczeg\u00f3lne jej fragmenty zamieszczane by\u0142y na \u0142anach czasopisma dla uczni\u00f3w szk\u00f3\u0142 \u015brednich \u2013 \u201eCogito&#8221;. Jak\u017ce wtedy \u017ca\u0142owa\u0142am, \u017ce jestem tylko gimnazjalistk\u0105, przez co nie mog\u0142am pozna\u0107 dalszych przyg\u00f3d moich \u201eprzyjaci\u00f3\u0142&#8221; z klasy pierwszej gimnazjum. \u201ePrzyjaci\u00f3\u0142&#8221;, poniewa\u017c mimo tego, \u017ce byli tylko fikcyjnymi bohaterami, stali mi si\u0119 bardzo bliscy. By\u0142o mi tym bardziej przykro, poniewa\u017c \u201eCogito&#8221; zaprzesta\u0142o umieszczania kolejnych cz\u0119\u015bci powie\u015bci na \u0142amach gazety.<\/p>\n<p>Na ksi\u0105\u017ck\u0119 wielbiciele tw\u00f3rczo\u015bci Piekarskiej czekali d\u0142ugo \u2013 a\u017c do 2010 roku. Op\u0142aca\u0142o si\u0119. Wydawnictwo \u201eNowy \u015bwiat&#8221; zaoferowa\u0142o czytelnikom 418 stron, na \u0142amach kt\u00f3rych mo\u017cna pozna\u0107 dalsze losy Ma\u0142gosi, Ma\u0107ka, Bia\u0142ego i Czarnego Micha\u0142a, Kingi, Kamili, Ka\u015bki, Wojtka, Aleksa, czy te\u017c Sta\u015bka. W \u201eLO-terii&#8221; pojawia si\u0119 jednak jeszcze jeden bohater \u2013 Marcin, kt\u00f3ry powtarza pierwsz\u0105 klas\u0119 og\u00f3lniaka. Jego sytuacja jest szczeg\u00f3lna. Nie do\u015b\u0107, \u017ce nie zda\u0142 do nast\u0119pnej klasy, to w dodatku na pocz\u0105tku powie\u015bci umiera mu matka. Zmusza to nastolatka do szybszego doro\u015bni\u0119cia \u2013 ma przecie\u017c w domu jeszcze tr\u00f3jk\u0119 m\u0142odszego rodze\u0144stwa.<\/p>\n<p>Zasadniczo ksi\u0105\u017ck\u0119 rozpoczyna prolog, kt\u00f3rego akcja toczy si\u0119 w pi\u0119knych, gimnazjalnych czasach. S\u0105 wakacje. Ma\u0142gosia sp\u0119dza je w Nowym Jorku, w towarzystwie niejakiego Paw\u0142a, kt\u00f3ry oprowadza j\u0105 po najciekawszych miejscach w mie\u015bcie. W tym samym czasie jej sympatia, Maciek, jest na w\u0119drownym obozie w Kotlinie K\u0142odzkiej. Pomimo braku czasu co chwil\u0119 zdaje dziewczynie relacj\u0119 z wypraw. Wok\u00f3\u0142 Ma\u0107ka kr\u0119ci si\u0119 jednak inna dziewczyna \u2013 Agata. On jednak nie zwraca na ni\u0105 uwagi, jest wierni Ma\u0142gosi. Nadchodzi wrzesie\u0144. Cz\u0119\u015b\u0107 gimnazjalist\u00f3w z klasy pani Czajki trafia do klasy humanistycznej w liceum im. Boles\u0142awa Prusa: Maciek, Ma\u0142gosia, Marcin, Aleks oraz Bia\u0142y Micha\u0142. Stasiu ucz\u0119szcza do liceum katolickiego, Ka\u015bka do jakiego\u015b s\u0142abszego liceum, do lice\u00f3w dostali si\u0119 te\u017c Czarny Micha\u0142, Kinga, Kamila oraz Wojtek.<\/p>\n<p>Pomimo tego, \u017ce przyby\u0142o im nauki i obowi\u0105zk\u00f3w, w dalszym ci\u0105gu pozostawali paczk\u0105 w miar\u0119 zgranych przyjaci\u00f3\u0142. Razem prze\u017cywaj\u0105 swoje wzloty i upadki, odwiedzaj\u0105 si\u0119 wzajemnie, chodz\u0105 do kina i na zakupy na miasto. W nowej szkole czekaj\u0105 ich nadziej\u0119 i rozczarowania \u2013 spotykaj\u0105 zar\u00f3wno wredn\u0105 polonistk\u0119, pani\u0105 P\u0142ochowsk\u0105(zwan\u0105 przez uczni\u00f3w \u0141och\u0105), jak i \u0142agodn\u0105 wychowawczyni\u0119, historyczk\u0119, pani\u0105 Janeck\u0105.<\/p>\n<p>G\u0142\u00f3wni bohaterowie prze\u017cywaj\u0105 te same rozterki, co ich r\u00f3wie\u015bnicy w realnym \u015bwiecie \u2013 prze\u017cywaj\u0105 pierwsze mi\u0142o\u015bci, kontakty seksualne, rozczarowania. Popadaj\u0105 te\u017c w konflikty z rodzicami, prawem, uciekaj\u0105 z domu, prze\u017cywaj\u0105 ich rozstania, choroby a nawet gin\u0105 w wypadkach drogowych, czy te\u017c pope\u0142niaj\u0105 samob\u00f3jstwa. Autorka postara\u0142a si\u0119, aby \u017caden temat bliski wsp\u00f3\u0142czesnym nastolatkom nie zosta\u0142 pomini\u0119ty, a nawet porusza tematy tabu. To na kartach \u201eLO-terii&#8221; mo\u017cemy przeczyta\u0107 o Michale, kt\u00f3ry w chwili bezradno\u015bci odbywa stosunek seksualny z dziewczyn\u0105, kt\u00f3ra nasy\u0142a na niego zbir\u00f3w, Ma\u0142gosi zdradzaj\u0105cej Ma\u0107ka z bratem Kingi, Kub\u0105, Marcinie pij\u0105cym piwo, Sta\u015bku, kt\u00f3ry dowiedziawszy si\u0119, \u017ce zrobi\u0142 dziecko jednej dziewczyny, wiesza si\u0119 na poddaszu na sznurze od bielizny, Wojtku, kt\u00f3ry wracaj\u0105c z osiemnastki Kamili wpada motorem pod ko\u0142a tira i ginie. Z drugiej strony czytelnik za\u015bmiewa si\u0119 do \u0142ez, czytaj\u0105c o pomys\u0142ach najm\u0142odszego brata Marcina, Mateusza, czy te\u017c odczytuj\u0105c zabawne sytuacje j\u0119zykowe.<\/p>\n<p>\u201eLO-teria&#8221; to doskona\u0142a lektura dla uczni\u00f3w szk\u00f3\u0142 \u015brednich. Jej najwi\u0119kszym atutem jest akcja powie\u015bci rozgrywaj\u0105ca si\u0119 w czasach wsp\u00f3\u0142czesnych. Bohaterowie powie\u015bci chodz\u0105 na te same filmy co my, s\u0142uchaj\u0105 tej samej muzyki, czytaj\u0105 wsp\u00f3\u0142czesne powie\u015bci, pos\u0142uguj\u0105 si\u0119 Internetem i telefonem kom\u00f3rkowym. Podobnie jak w przypadku \u201eKlasy pani Czajki&#8221; s\u0105 to najwi\u0119ksze atuty tej pozycji.<\/p>\n<p>Autor: Lolek90<\/p>\n<p>\u0179r\u00f3d\u0142o: <a href=\"http:\/\/sztukater.pl\/ksiazki\/item\/7670-lo-teria.html\" target=\"_blank\" rel=\"noopener noreferrer\">http:\/\/sztukater.pl\/ksiazki\/item\/7670-lo-teria.html<\/a><\/p>\n<p>&nbsp;<\/p>\n","protected":false},"excerpt":{"rendered":"<p>\u201eLO-teria&#8221; to bezpo\u015brednia kontynuacja kultowej powie\u015bci \u201eKlasa pani Czajki&#8221; napisanej przez Ma\u0142gorzat\u0119 Karolin\u0119 Piekarsk\u0105. Przez sezony 2004\/2005 i 2005\/2006 poszczeg\u00f3lne jej fragmenty zamieszczane by\u0142y na \u0142anach czasopisma dla uczni\u00f3w szk\u00f3\u0142 \u015brednich \u2013 \u201eCogito&#8221;. Jak\u017ce wtedy \u017ca\u0142owa\u0142am, \u017ce jestem tylko gimnazjalistk\u0105, &hellip; <a href=\"http:\/\/piekarska.com.pl\/?page_id=993\">Continue reading <span class=\"meta-nav\">&rarr;<\/span><\/a><\/p>\n","protected":false},"author":1,"featured_media":0,"parent":7042,"menu_order":0,"comment_status":"closed","ping_status":"open","template":"","meta":{"_acf_changed":false,"footnotes":""},"class_list":["post-993","page","type-page","status-publish","hentry"],"acf":[],"_links":{"self":[{"href":"http:\/\/piekarska.com.pl\/index.php?rest_route=\/wp\/v2\/pages\/993","targetHints":{"allow":["GET"]}}],"collection":[{"href":"http:\/\/piekarska.com.pl\/index.php?rest_route=\/wp\/v2\/pages"}],"about":[{"href":"http:\/\/piekarska.com.pl\/index.php?rest_route=\/wp\/v2\/types\/page"}],"author":[{"embeddable":true,"href":"http:\/\/piekarska.com.pl\/index.php?rest_route=\/wp\/v2\/users\/1"}],"replies":[{"embeddable":true,"href":"http:\/\/piekarska.com.pl\/index.php?rest_route=%2Fwp%2Fv2%2Fcomments&post=993"}],"version-history":[{"count":3,"href":"http:\/\/piekarska.com.pl\/index.php?rest_route=\/wp\/v2\/pages\/993\/revisions"}],"predecessor-version":[{"id":7058,"href":"http:\/\/piekarska.com.pl\/index.php?rest_route=\/wp\/v2\/pages\/993\/revisions\/7058"}],"up":[{"embeddable":true,"href":"http:\/\/piekarska.com.pl\/index.php?rest_route=\/wp\/v2\/pages\/7042"}],"wp:attachment":[{"href":"http:\/\/piekarska.com.pl\/index.php?rest_route=%2Fwp%2Fv2%2Fmedia&parent=993"}],"curies":[{"name":"wp","href":"https:\/\/api.w.org\/{rel}","templated":true}]}}